{"id":268,"date":"2016-04-27T15:35:20","date_gmt":"2016-04-27T13:35:20","guid":{"rendered":"http:\/\/ergotherapie-baser.de\/?page_id=268"},"modified":"2016-04-27T15:36:02","modified_gmt":"2016-04-27T13:36:02","slug":"zeitstrahl","status":"publish","type":"page","link":"https:\/\/ergotherapie-baser.de\/index.php\/zeitstrahl\/","title":{"rendered":"Zeitstrahl"},"content":{"rendered":"<div id=\"aq-template-wrapper-270\" class=\"aq-template-wrapper aq_row\"><section style=\"background-image:url(https:\/\/ergotherapie-baser.de\/wp-content\/uploads\/2015\/07\/slider.jpg); \" id=\"home-section\" class=\" section clearfix\" >\t\r\n\t<!-- TOP SLIDER -->\r\n\t<div class=\"flexslider\">\r\n\t\t<ul class=\"slides\">\r\n   \t\t\r\n\t\t<li>\r\n\t\t\t<div class=\"flexcaption\">\r\n\t\t\t\t<h1>GESUNDHEIT IST UNBEKANNTER REICHTUM<\/h1>\r\n\t\t\t\t<div><span><\/span><\/div>\r\n\t\t\t\t<p>\u201eGib jedem Tag die Chance, der sch\u00f6nste deines Lebens zu werden.\u201c (Mark Twain)<\/p>\r\n\t\t\t<\/div>\r\n\t\t<\/li>\r\n\r\n\t\t\t\t\t\t\t\t\r\n\t\t<\/ul>\r\n\t<\/div><!-- \/\/TOP SLIDER -->\r\n\t<a href=\"#about-section\" class=\"discover\">Discover Now<\/a>\r\n  \r\n<\/section><section  id=\"subpage\" class=\" section clearfix\" >\t\t\t<div class=\"title-section\">\n\t\t\t\t<div class=\"container triggerAnimation animated\" data-animate=\"bounceIn\">\n\t\t\t\t\t<h1>Zeitstrahl<\/h1>\n\t\t\t\t\t<div class=\"dotted-line\"><span><\/span><\/div>\n\t\t\t\t\t<p><\/p>\n\t\t\t\t<\/div>\n\t\t\t<\/div>\n\t\t\r\n\t\t\t<div class=\"\">\r\n\t\t\t<div class=\"container \" ><div class=\"row\">\r\n\t\t<div data-appear-top-offset=\"\" data-animated=\"\"><div class=\"timeline\">\n\t\t<div class=\"wrapper\">\n\t\t\t<div class=\"story one\">\n\t\t\t\t<div class=\"year\">2006<\/div>\n\t\t\t\t<div class=\"point\"><\/div>\n\t\t\t\t<div class=\"title\"><\/div>\n\t\t\t\t<div class=\"desc\">Konzentrationstraining in Gruppen bei ADHS, Die Therapie des Facio-oralen Trakts (F.O.T.T.), Marburger Konzentrationstraining<\/div>\n\t\t\t<\/div>\n\n\t\t\t<div class=\"story two\">\n\t\t\t\t<div class=\"year\">2004 \/ 2003<\/div>\n\t\t\t\t<div class=\"point\"><\/div>\n\t\t\t\t<div class=\"title\"><\/div>\n\t\t\t\t<div class=\"desc\">Befundaufnahme und Behandlung Erwachsener mit Hemiplegie \u2013 das Bobath-Konzept, Probleme der Fingergelenke<\/div>\n\t\t\t<\/div>\n\n\t\t\t<div class=\"story three\">\n\t\t\t\t<div class=\"year\">2001 \/ 1999<\/div>\n\t\t\t\t<div class=\"point\"><\/div>\n\t\t\t\t<div class=\"title\"><\/div>\n\t\t\t\t<div class=\"desc\">Sensorische Integrationstherapie \u2013 Aufbaukurs Kompakt, Linksh\u00e4nder und umgeschulte Linksh\u00e4nder \/ Linksh\u00e4nder Testung<\/div>\n\t\t\t<\/div>\n\n\t\t\t<div class=\"story four\">\n\t\t\t\t<div class=\"year\">1998 \/ 1996<\/div>\n\t\t\t\t<div class=\"point\"><\/div>\n\t\t\t\t<div class=\"title\"><\/div>\n\t\t\t\t<div class=\"desc\">Sensorische Integrationstherapie \u2013 Grundkurs, \"Lernschwierigkeiten angehen \u2013 gemeinsam mit allen Beteiligten\" nach Marianne Frostig<\/div>\n\t\t\t<\/div>\n\t\t\t\n\t\t\t<div class=\"story five\">\n\t\t\t\t<div class=\"year\">1995 \/ 1991<\/div>\n\t\t\t\t<div class=\"point\"><\/div>\n\t\t\t\t<div class=\"title\"><\/div>\n\t\t\t\t<div class=\"desc\">Die Entwicklung des Fr\u00fchgeborenen \u2013 f\u00f6rdernde und hemmende Einfl\u00fcsse \u2013 M\u00f6glichkeiten und Grenzen der Fr\u00fchdiagnostik und Fr\u00fchbehandlung, Sensorische Integrationstherapie \u2013 Einf\u00fchrungskurs<\/div>\n\t\t\t<\/div>\n\n\t\t\t<div class=\"story six\">\n\t\t\t\t<div class=\"year\">1989 \/ 1988<\/div>\n\t\t\t\t<div class=\"point\"><\/div>\n\t\t\t\t<div class=\"title\"><\/div>\n\t\t\t\t<div class=\"desc\">Entspannungstechniken \u2013 Progressive Muskelentspannungs- training nach Jacobsen(PMR) \u2013 Autogenes Training \u2013 Feldenkrais-Methode, - Berufsstart von Maria Baser als Ergotherapeutin - \"Psychologische Therapieprogamme in der Rehabilitation chronisch schizophrener Patienten\"<\/div>\n\t\t\t<\/div>\n\t\t<\/div>\t\n\t\t<div class=\"history-outside\">\n\t\t\t<div class=\"past\"><\/div>\n\t\t\t<div class=\"future\"><\/div>\t\t\n\t\t<\/div>\n\t\t\n\t\t<div class=\"history-inside\">\n\t\t\t<div class=\"wrapper\">\n\t\t\t\t<div class=\"future-inline\"><\/div>\n\t\t\t\t<div class=\"past-inline\"><\/div>\n\t\t\t<\/div>\n\t\t<\/div>\n\t<\/div>\n<\/div>\n<br \/>\n<a href=\"\/\">zur\u00fcck<\/a><\/div>\r\n\t\t\t<\/div>\r\n\t\t\t<\/div>\r\n\t\t\t<\/div>\r\n\t\t<\/section><\/div>\n","protected":false},"excerpt":{"rendered":"","protected":false},"author":1,"featured_media":0,"parent":0,"menu_order":0,"comment_status":"closed","ping_status":"closed","template":"template-onepage.php","meta":[],"_links":{"self":[{"href":"https:\/\/ergotherapie-baser.de\/index.php\/wp-json\/wp\/v2\/pages\/268"}],"collection":[{"href":"https:\/\/ergotherapie-baser.de\/index.php\/wp-json\/wp\/v2\/pages"}],"about":[{"href":"https:\/\/ergotherapie-baser.de\/index.php\/wp-json\/wp\/v2\/types\/page"}],"author":[{"embeddable":true,"href":"https:\/\/ergotherapie-baser.de\/index.php\/wp-json\/wp\/v2\/users\/1"}],"replies":[{"embeddable":true,"href":"https:\/\/ergotherapie-baser.de\/index.php\/wp-json\/wp\/v2\/comments?post=268"}],"version-history":[{"count":2,"href":"https:\/\/ergotherapie-baser.de\/index.php\/wp-json\/wp\/v2\/pages\/268\/revisions"}],"predecessor-version":[{"id":271,"href":"https:\/\/ergotherapie-baser.de\/index.php\/wp-json\/wp\/v2\/pages\/268\/revisions\/271"}],"wp:attachment":[{"href":"https:\/\/ergotherapie-baser.de\/index.php\/wp-json\/wp\/v2\/media?parent=268"}],"curies":[{"name":"wp","href":"https:\/\/api.w.org\/{rel}","templated":true}]}}