{"id":249,"date":"2016-04-27T11:07:30","date_gmt":"2016-04-27T09:07:30","guid":{"rendered":"http:\/\/ergotherapie-baser.de\/?page_id=249"},"modified":"2016-04-27T14:17:16","modified_gmt":"2016-04-27T12:17:16","slug":"psychiatrie","status":"publish","type":"page","link":"https:\/\/ergotherapie-baser.de\/index.php\/psychiatrie\/","title":{"rendered":"Psychiatrie"},"content":{"rendered":"<div id=\"aq-template-wrapper-261\" class=\"aq-template-wrapper aq_row\"><section style=\"background-image:url(https:\/\/ergotherapie-baser.de\/wp-content\/uploads\/2015\/07\/slider.jpg); \" id=\"home-section\" class=\" section clearfix\" >\t\r\n\t<!-- TOP SLIDER -->\r\n\t<div class=\"flexslider\">\r\n\t\t<ul class=\"slides\">\r\n   \t\t\r\n\t\t<li>\r\n\t\t\t<div class=\"flexcaption\">\r\n\t\t\t\t<h1>GESUNDHEIT IST UNBEKANNTER REICHTUM<\/h1>\r\n\t\t\t\t<div><span><\/span><\/div>\r\n\t\t\t\t<p>\u201eGib jedem Tag die Chance, der sch\u00f6nste deines Lebens zu werden.\u201c (Mark Twain)<\/p>\r\n\t\t\t<\/div>\r\n\t\t<\/li>\r\n\r\n\t\t\t\t\t\t\t\t\r\n\t\t<\/ul>\r\n\t<\/div><!-- \/\/TOP SLIDER -->\r\n\t<a href=\"#about-section\" class=\"discover\">Discover Now<\/a>\r\n  \r\n<\/section><section  id=\"subpage\" class=\" section clearfix\" >\t\t\t<div class=\"title-section\">\n\t\t\t\t<div class=\"container triggerAnimation animated\" data-animate=\"bounceIn\">\n\t\t\t\t\t<h1>Psychiatrie<\/h1>\n\t\t\t\t\t<div class=\"dotted-line\"><span><\/span><\/div>\n\t\t\t\t\t<p><\/p>\n\t\t\t\t<\/div>\n\t\t\t<\/div>\n\t\t\r\n\t\t\t<div class=\"\">\r\n\t\t\t<div class=\"container \" ><div class=\"row\">\r\n\t\t<div data-appear-top-offset=\"\" data-animated=\"\">Unsere Behandlung bieten wir auch Kindern und Jugendlichen mit geistigen und psychischen St\u00f6rungen an. Die Krankheitsbilder k\u00f6nnen neurotischen St\u00f6rungen sowie Pers\u00f6nlichkeits- und Verhaltensst\u00f6rungen zuzuordnen sein, sie k\u00f6nnen aber auch dem Feld der affektiven, schizophrenen oder wahnhaften St\u00f6rungen entspringen. Auch bei psychischen oder Verhaltensst\u00f6rungen, die durch psychotrope Substanzen hervorgerufen werden, k\u00f6nnen wir helfen \u2013 ebenso bei organischen psychischen St\u00f6rungen einschlie\u00dflich der symptomatischen psychischen St\u00f6rungen. Grunds\u00e4tzlich sind sowohl eine Einzel- als auch eine Gruppentherapie m\u00f6glich.\n<br \/><br \/>\n<a href=\"\/\">zur\u00fcck<\/a><\/div>\r\n\t\t\t<\/div>\r\n\t\t\t<\/div>\r\n\t\t\t<\/div>\r\n\t\t<\/section><\/div>\n","protected":false},"excerpt":{"rendered":"","protected":false},"author":1,"featured_media":0,"parent":0,"menu_order":0,"comment_status":"closed","ping_status":"closed","template":"template-onepage.php","meta":[],"_links":{"self":[{"href":"https:\/\/ergotherapie-baser.de\/index.php\/wp-json\/wp\/v2\/pages\/249"}],"collection":[{"href":"https:\/\/ergotherapie-baser.de\/index.php\/wp-json\/wp\/v2\/pages"}],"about":[{"href":"https:\/\/ergotherapie-baser.de\/index.php\/wp-json\/wp\/v2\/types\/page"}],"author":[{"embeddable":true,"href":"https:\/\/ergotherapie-baser.de\/index.php\/wp-json\/wp\/v2\/users\/1"}],"replies":[{"embeddable":true,"href":"https:\/\/ergotherapie-baser.de\/index.php\/wp-json\/wp\/v2\/comments?post=249"}],"version-history":[{"count":2,"href":"https:\/\/ergotherapie-baser.de\/index.php\/wp-json\/wp\/v2\/pages\/249\/revisions"}],"predecessor-version":[{"id":263,"href":"https:\/\/ergotherapie-baser.de\/index.php\/wp-json\/wp\/v2\/pages\/249\/revisions\/263"}],"wp:attachment":[{"href":"https:\/\/ergotherapie-baser.de\/index.php\/wp-json\/wp\/v2\/media?parent=249"}],"curies":[{"name":"wp","href":"https:\/\/api.w.org\/{rel}","templated":true}]}}