{"id":247,"date":"2016-04-27T11:07:11","date_gmt":"2016-04-27T09:07:11","guid":{"rendered":"http:\/\/ergotherapie-baser.de\/?page_id=247"},"modified":"2016-04-27T14:12:41","modified_gmt":"2016-04-27T12:12:41","slug":"kinderheilkunde","status":"publish","type":"page","link":"https:\/\/ergotherapie-baser.de\/index.php\/kinderheilkunde\/","title":{"rendered":"Kinderheilkunde"},"content":{"rendered":"<div id=\"aq-template-wrapper-257\" class=\"aq-template-wrapper aq_row\"><section style=\"background-image:url(https:\/\/ergotherapie-baser.de\/wp-content\/uploads\/2015\/07\/slider.jpg); \" id=\"home-section\" class=\" section clearfix\" >\t\r\n\t<!-- TOP SLIDER -->\r\n\t<div class=\"flexslider\">\r\n\t\t<ul class=\"slides\">\r\n   \t\t\r\n\t\t<li>\r\n\t\t\t<div class=\"flexcaption\">\r\n\t\t\t\t<h1>GESUNDHEIT IST UNBEKANNTER REICHTUM<\/h1>\r\n\t\t\t\t<div><span><\/span><\/div>\r\n\t\t\t\t<p>\u201eGib jedem Tag die Chance, der sch\u00f6nste deines Lebens zu werden.\u201c (Mark Twain)<\/p>\r\n\t\t\t<\/div>\r\n\t\t<\/li>\r\n\r\n\t\t\t\t\t\t\t\t\r\n\t\t<\/ul>\r\n\t<\/div><!-- \/\/TOP SLIDER -->\r\n\t<a href=\"#about-section\" class=\"discover\">Discover Now<\/a>\r\n  \r\n<\/section><section  id=\"subpage\" class=\" section clearfix\" >\t\t\t<div class=\"title-section\">\n\t\t\t\t<div class=\"container triggerAnimation animated\" data-animate=\"bounceIn\">\n\t\t\t\t\t<h1>Kinderheilkunde<\/h1>\n\t\t\t\t\t<div class=\"dotted-line\"><span><\/span><\/div>\n\t\t\t\t\t<p><\/p>\n\t\t\t\t<\/div>\n\t\t\t<\/div>\n\t\t\r\n\t\t\t<div class=\"\">\r\n\t\t\t<div class=\"container \" ><div class=\"row\">\r\n\t\t<div data-appear-top-offset=\"\" data-animated=\"\">Wir behandeln Kinder mit k\u00f6rperlichen, geistigen und seelischen Entwicklungsr\u00fcckst\u00e4nden bzw. Entwicklungsverz\u00f6gerungen, mit Verhaltensst\u00f6rungen oder St\u00f6rungen der sensorischen Integration, aber auch:\nHyperaktivit\u00e4t und Konzentrationsst\u00f6rungen,\nLese-Rechtschreib-Schw\u00e4che sowie Rechenschw\u00e4che\nUnfallfolgesch\u00e4den\ntesten, beraten und behandeln Linksh\u00e4nder bzw. umgeschulte Linksh\u00e4nder\n<br \/><br \/>\n<a href=\"\/\">zur\u00fcck<\/a><\/div>\r\n\t\t\t<\/div>\r\n\t\t\t<\/div>\r\n\t\t\t<\/div>\r\n\t\t<\/section><\/div>\n","protected":false},"excerpt":{"rendered":"","protected":false},"author":1,"featured_media":0,"parent":0,"menu_order":0,"comment_status":"closed","ping_status":"closed","template":"template-onepage.php","meta":[],"_links":{"self":[{"href":"https:\/\/ergotherapie-baser.de\/index.php\/wp-json\/wp\/v2\/pages\/247"}],"collection":[{"href":"https:\/\/ergotherapie-baser.de\/index.php\/wp-json\/wp\/v2\/pages"}],"about":[{"href":"https:\/\/ergotherapie-baser.de\/index.php\/wp-json\/wp\/v2\/types\/page"}],"author":[{"embeddable":true,"href":"https:\/\/ergotherapie-baser.de\/index.php\/wp-json\/wp\/v2\/users\/1"}],"replies":[{"embeddable":true,"href":"https:\/\/ergotherapie-baser.de\/index.php\/wp-json\/wp\/v2\/comments?post=247"}],"version-history":[{"count":3,"href":"https:\/\/ergotherapie-baser.de\/index.php\/wp-json\/wp\/v2\/pages\/247\/revisions"}],"predecessor-version":[{"id":259,"href":"https:\/\/ergotherapie-baser.de\/index.php\/wp-json\/wp\/v2\/pages\/247\/revisions\/259"}],"wp:attachment":[{"href":"https:\/\/ergotherapie-baser.de\/index.php\/wp-json\/wp\/v2\/media?parent=247"}],"curies":[{"name":"wp","href":"https:\/\/api.w.org\/{rel}","templated":true}]}}