{"id":235,"date":"2016-04-26T21:13:52","date_gmt":"2016-04-26T19:13:52","guid":{"rendered":"http:\/\/ergotherapie-baser.de\/?page_id=235"},"modified":"2016-04-26T21:13:52","modified_gmt":"2016-04-26T19:13:52","slug":"geriatrie","status":"publish","type":"page","link":"https:\/\/ergotherapie-baser.de\/index.php\/geriatrie\/","title":{"rendered":"Geriatrie"},"content":{"rendered":"<div id=\"aq-template-wrapper-234\" class=\"aq-template-wrapper aq_row\"><section style=\"background-image:url(https:\/\/ergotherapie-baser.de\/wp-content\/uploads\/2015\/07\/slider.jpg); \" id=\"home-section\" class=\" section clearfix\" >\t\r\n\t<!-- TOP SLIDER -->\r\n\t<div class=\"flexslider\">\r\n\t\t<ul class=\"slides\">\r\n   \t\t\r\n\t\t<li>\r\n\t\t\t<div class=\"flexcaption\">\r\n\t\t\t\t<h1>GESUNDHEIT IST UNBEKANNTER REICHTUM<\/h1>\r\n\t\t\t\t<div><span><\/span><\/div>\r\n\t\t\t\t<p>\u201eGib jedem Tag die Chance, der sch\u00f6nste deines Lebens zu werden.\u201c (Mark Twain)<\/p>\r\n\t\t\t<\/div>\r\n\t\t<\/li>\r\n\r\n\t\t\t\t\t\t\t\t\r\n\t\t<\/ul>\r\n\t<\/div><!-- \/\/TOP SLIDER -->\r\n\t<a href=\"#about-section\" class=\"discover\">Discover Now<\/a>\r\n  \r\n<\/section><section  id=\"subpage\" class=\" section clearfix\" >\t\t\t<div class=\"title-section\">\n\t\t\t\t<div class=\"container triggerAnimation animated\" data-animate=\"bounceIn\">\n\t\t\t\t\t<h1>Geriatrie<\/h1>\n\t\t\t\t\t<div class=\"dotted-line\"><span><\/span><\/div>\n\t\t\t\t\t<p><\/p>\n\t\t\t\t<\/div>\n\t\t\t<\/div>\n\t\t\r\n\t\t\t<div class=\"\">\r\n\t\t\t<div class=\"container \" ><div class=\"row\">\r\n\t\t<div data-appear-top-offset=\"\" data-animated=\"\">Wir behandeln \u00e4ltere Menschen mit akuten oder chronischen Erkrankungen, die den medizinischen Fachgebieten Neurologie, Innere Medizin, Orthop\u00e4die\/Chirurgie und Psychiatrie zuzuordnen sind. H\u00e4ufig kommt es bei \u00e4lteren Menschen zu Mehrfacherkrankungen (Multimorbidit\u00e4t) und es entwickeln sich St\u00f6rungsbilder, die sie zwingen, in Senioren- und Pflegeheimen zu leben \u2013 auch diesem Patientenkreis bieten wir unsere Hilfe an. Dabei ist es uns wichtig, den \u00e4lteren Menschen als Individuum wahrzunehmen, stets die Achtung vor Ihm zu bewahren und bei der Behandlung seine Biografie zu ber\u00fccksichtigen.\n<br \/><br \/>\n<a href=\"\/\">zur\u00fcck<\/a><\/div>\r\n\t\t\t<\/div>\r\n\t\t\t<\/div>\r\n\t\t\t<\/div>\r\n\t\t<\/section><\/div>\n","protected":false},"excerpt":{"rendered":"","protected":false},"author":1,"featured_media":0,"parent":0,"menu_order":0,"comment_status":"closed","ping_status":"closed","template":"template-onepage.php","meta":[],"_links":{"self":[{"href":"https:\/\/ergotherapie-baser.de\/index.php\/wp-json\/wp\/v2\/pages\/235"}],"collection":[{"href":"https:\/\/ergotherapie-baser.de\/index.php\/wp-json\/wp\/v2\/pages"}],"about":[{"href":"https:\/\/ergotherapie-baser.de\/index.php\/wp-json\/wp\/v2\/types\/page"}],"author":[{"embeddable":true,"href":"https:\/\/ergotherapie-baser.de\/index.php\/wp-json\/wp\/v2\/users\/1"}],"replies":[{"embeddable":true,"href":"https:\/\/ergotherapie-baser.de\/index.php\/wp-json\/wp\/v2\/comments?post=235"}],"version-history":[{"count":1,"href":"https:\/\/ergotherapie-baser.de\/index.php\/wp-json\/wp\/v2\/pages\/235\/revisions"}],"predecessor-version":[{"id":236,"href":"https:\/\/ergotherapie-baser.de\/index.php\/wp-json\/wp\/v2\/pages\/235\/revisions\/236"}],"wp:attachment":[{"href":"https:\/\/ergotherapie-baser.de\/index.php\/wp-json\/wp\/v2\/media?parent=235"}],"curies":[{"name":"wp","href":"https:\/\/api.w.org\/{rel}","templated":true}]}}