{"id":232,"date":"2016-04-26T21:12:07","date_gmt":"2016-04-26T19:12:07","guid":{"rendered":"http:\/\/ergotherapie-baser.de\/?page_id=232"},"modified":"2016-04-26T21:12:07","modified_gmt":"2016-04-26T19:12:07","slug":"neurologie","status":"publish","type":"page","link":"https:\/\/ergotherapie-baser.de\/index.php\/neurologie\/","title":{"rendered":"Neurologie"},"content":{"rendered":"<div id=\"aq-template-wrapper-231\" class=\"aq-template-wrapper aq_row\"><section style=\"background-image:url(https:\/\/ergotherapie-baser.de\/wp-content\/uploads\/2015\/07\/slider.jpg); \" id=\"home-section\" class=\" section clearfix\" >\t\r\n\t<!-- TOP SLIDER -->\r\n\t<div class=\"flexslider\">\r\n\t\t<ul class=\"slides\">\r\n   \t\t\r\n\t\t<li>\r\n\t\t\t<div class=\"flexcaption\">\r\n\t\t\t\t<h1>GESUNDHEIT IST UNBEKANNTER REICHTUM<\/h1>\r\n\t\t\t\t<div><span><\/span><\/div>\r\n\t\t\t\t<p>\u201eGib jedem Tag die Chance, der sch\u00f6nste deines Lebens zu werden.\u201c (Mark Twain)<\/p>\r\n\t\t\t<\/div>\r\n\t\t<\/li>\r\n\r\n\t\t\t\t\t\t\t\t\r\n\t\t<\/ul>\r\n\t<\/div><!-- \/\/TOP SLIDER -->\r\n\t<a href=\"#about-section\" class=\"discover\">Discover Now<\/a>\r\n  \r\n<\/section><section  id=\"subpage\" class=\" section clearfix\" >\t\t\t<div class=\"title-section\">\n\t\t\t\t<div class=\"container triggerAnimation animated\" data-animate=\"bounceIn\">\n\t\t\t\t\t<h1>Neurologie<\/h1>\n\t\t\t\t\t<div class=\"dotted-line\"><span><\/span><\/div>\n\t\t\t\t\t<p><\/p>\n\t\t\t\t<\/div>\n\t\t\t<\/div>\n\t\t\r\n\t\t\t<div class=\"\">\r\n\t\t\t<div class=\"container \" ><div class=\"row\">\r\n\t\t<div data-appear-top-offset=\"\" data-animated=\"\">Ergotherapeutische Behandlung bieten wir auch bei Erkrankungen des Zentralen Nervensystems an, z. B. nach einem Schlaganfall, bei Tumoren, bei Multipler Sklerose sowie bei entz\u00fcndlichen und degenerativen Erkrankungen des Gehirns. Auch bei Traumen des Nervensystems wie z. B. einem Sch\u00e4delhirntrauma, einer R\u00fcckenmarksl\u00e4sion, peripheren L\u00e4hmungen oder bei Polyneuropathien k\u00f6nnen wir dank unserer umfassenden Zusatzqualifikationen therapeutische Hilfe anbieten. Gerne behandeln wir Sie auch zuhause. Wir sprechen mit Angeh\u00f6rigen des Patienten, um aufzukl\u00e4ren und Anleitung zum Pflegen und Betreuen zu geben. \n<br \/><br \/>\n<a href=\"\/\">zur\u00fcck<\/a><\/div>\r\n\t\t\t<\/div>\r\n\t\t\t<\/div>\r\n\t\t\t<\/div>\r\n\t\t<\/section><\/div>\n","protected":false},"excerpt":{"rendered":"","protected":false},"author":1,"featured_media":0,"parent":0,"menu_order":0,"comment_status":"closed","ping_status":"closed","template":"template-onepage.php","meta":[],"_links":{"self":[{"href":"https:\/\/ergotherapie-baser.de\/index.php\/wp-json\/wp\/v2\/pages\/232"}],"collection":[{"href":"https:\/\/ergotherapie-baser.de\/index.php\/wp-json\/wp\/v2\/pages"}],"about":[{"href":"https:\/\/ergotherapie-baser.de\/index.php\/wp-json\/wp\/v2\/types\/page"}],"author":[{"embeddable":true,"href":"https:\/\/ergotherapie-baser.de\/index.php\/wp-json\/wp\/v2\/users\/1"}],"replies":[{"embeddable":true,"href":"https:\/\/ergotherapie-baser.de\/index.php\/wp-json\/wp\/v2\/comments?post=232"}],"version-history":[{"count":1,"href":"https:\/\/ergotherapie-baser.de\/index.php\/wp-json\/wp\/v2\/pages\/232\/revisions"}],"predecessor-version":[{"id":233,"href":"https:\/\/ergotherapie-baser.de\/index.php\/wp-json\/wp\/v2\/pages\/232\/revisions\/233"}],"wp:attachment":[{"href":"https:\/\/ergotherapie-baser.de\/index.php\/wp-json\/wp\/v2\/media?parent=232"}],"curies":[{"name":"wp","href":"https:\/\/api.w.org\/{rel}","templated":true}]}}