{"id":120,"date":"2014-06-02T19:57:33","date_gmt":"2014-06-02T19:57:33","guid":{"rendered":"http:\/\/demo.qkthemes.com\/umbrella\/?page_id=120"},"modified":"2016-01-25T15:46:16","modified_gmt":"2016-01-25T14:46:16","slug":"home","status":"publish","type":"page","link":"https:\/\/ergotherapie-baser.de\/","title":{"rendered":"Willkommen"},"content":{"rendered":"<div id=\"aq-template-wrapper-205\" class=\"aq-template-wrapper aq_row\"><section style=\"background-image:url(https:\/\/ergotherapie-baser.de\/wp-content\/uploads\/2015\/07\/slider.jpg); \" id=\"home-section\" class=\" section clearfix\" >\t\r\n\t<!-- TOP SLIDER -->\r\n\t<div class=\"flexslider\">\r\n\t\t<ul class=\"slides\">\r\n   \t\t\r\n\t\t<li>\r\n\t\t\t<div class=\"flexcaption\">\r\n\t\t\t\t<h1>GESUNDHEIT IST UNBEKANNTER REICHTUM<\/h1>\r\n\t\t\t\t<div><span><\/span><\/div>\r\n\t\t\t\t<p>\u201eGib jedem Tag die Chance, der sch\u00f6nste deines Lebens zu werden.\u201c (Mark Twain)<\/p>\r\n\t\t\t<\/div>\r\n\t\t<\/li>\r\n\r\n\t\t\t\t\t\t\t\t\r\n\t\t<\/ul>\r\n\t<\/div><!-- \/\/TOP SLIDER -->\r\n\t<a href=\"#about-section\" class=\"discover\">Discover Now<\/a>\r\n  \r\n<\/section><section  id=\"about-section\" class=\" section clearfix\" >\t\t\t<div class=\"title-section\">\n\t\t\t\t<div class=\"container triggerAnimation animated\" data-animate=\"bounceIn\">\n\t\t\t\t\t<h1>HERZLICH WILLKOMMEN BEI ERGOLIFE<\/h1>\n\t\t\t\t\t<div class=\"dotted-line\"><span><\/span><\/div>\n\t\t\t\t\t<p><\/p>\n\t\t\t\t<\/div>\n\t\t\t<\/div>\n\t\t\r\n\t\t\t<div class=\"\">\r\n\t\t\t<div class=\"container \" ><div class=\"row\">\r\n\t\t\r\n\t\t\t<\/div>\r\n\t\t\t<\/div>\r\n\t\t\t<\/div>\r\n\t\t<\/section><section style=\"background-color:#7a2554 \" id=\"page-leistungen\" class=\"home-box-profil section clearfix\" >\r\n\t\t\t<div class=\"photo\">\r\n\t\t\t<div class=\"container \" ><div class=\"row\">\r\n\t\t<div data-appear-top-offset=\"\" data-animated=\"\"><img class=\"foto\" src=\"https:\/\/ergotherapie-baser.de\/wp-content\/uploads\/2016\/01\/baser.png\" ><\/div>\r\n\t\t\t<\/div>\r\n\t\t\t<\/div>\r\n\t\t\t<\/div>\r\n\t\t\r\n\t\t\t<div class=\"text\">\r\n\t\t\t<div class=\"container \" ><div class=\"row\">\r\n\t\t<div id=\"shine-block-205-11\" class=\"shine-block block-aq_text_block col-md-6 first clearfix\"><div data-appear-top-offset=\"\" data-animated=\"\">Mein Name ist Maria Baser, ich bin Gesch\u00e4ftsf\u00fchrerin der \u201eErgolife Therapie\u201c Praxis f\u00fcr Ergotherapie und arbeite seit 1988 als Ergotherapeutin. Ich freue mich, dass Sie sich f\u00fcr die Praxis interessieren und lade Sie ein, sich einen \u00dcberblick \u00fcber die Leistungen  zu verschaffen, die meine Mitarbeiter und ich Ihnen anbieten k\u00f6nnen. Die Praxis existiert seit 1999 und seit dieser Zeit haben wir uns stetig weiterentwickelt. <\/div><\/div><div id=\"shine-block-205-12\" class=\"shine-block block-aq_text_block col-md-6  clearfix\"><div data-appear-top-offset=\"\" data-animated=\"\">Eine \u00dcbersicht \u00fcber die Kurse, die wir absolviert und die Qualifikationen, die wir erworben haben, finden Sie im unten abgebildeten Zeitstrahl. \nSie haben Fragen oder ben\u00f6tigen weitere Informationen? Bitte z\u00f6gern Sie nicht, sich mit uns in Verbindung zu setzen. Ich freue mich, Sie kennen zu lernen und ihnen helfen zu k\u00f6nnen.\n\nIhre Maria Baser <\/div><\/div>\r\n\t\t\t<\/div>\r\n\t\t\t<\/div>\r\n\t\t\t<\/div>\r\n\t\t<\/section><section   class=\"platzhalter section clearfix\" >\r\n\t\t\t<div class=\"\">\r\n\t\t\t<div class=\"container \" ><div class=\"row\">\r\n\t\t\r\n\t\t\t<\/div>\r\n\t\t\t<\/div>\r\n\t\t\t<\/div>\r\n\t\t<\/section><section   class=\" section clearfix\" ><div data-appear-top-offset=\"\" data-animated=\"\"><div class=\"timeline\">\n\t\t<div class=\"wrapper\">\n\t\t\t<div class=\"story one\">\n\t\t\t\t<div class=\"year\">2015<\/div>\n\t\t\t\t<div class=\"point\"><\/div>\n\t\t\t\t<div class=\"title\"><\/div>\n\t\t\t\t<div class=\"desc\">Ergotherapie bei Demenzerkrankungen<\/div>\n\t\t\t<\/div>\n\n\t\t\t<div class=\"story two\">\n\t\t\t\t<div class=\"year\">2014<\/div>\n\t\t\t\t<div class=\"point\"><\/div>\n\t\t\t\t<div class=\"title\"><\/div>\n\t\t\t\t<div class=\"desc\">Gesund musizieren: Musikalische Praxis im Fokus der Musikermedizin, Kinesiotape, Dorn-Therapie, Breu\u00df-Massage\n\t\t\t<\/div>\n\t\t\t<\/div>\n\n\t\t\t<div class=\"story three\">\n\t\t\t\t<div class=\"year\">2013<\/div>\n\t\t\t\t<div class=\"point\"><\/div>\n\t\t\t\t<div class=\"title\"><\/div>\n\t\t\t\t<div class=\"desc\">Triggerpunkttherapie<\/div>\n\t\t\t<\/div>\n\n\t\t\t<div class=\"story four\">\n\t\t\t\t<div class=\"year\">2012<\/div>\n\t\t\t\t<div class=\"point\"><\/div>\n\t\t\t\t<div class=\"title\"><\/div>\n\t\t\t\t<div class=\"desc\">Funktionsorientierte Faszien-Therapie (FOFT) und Funktionsorientierte Myo-Fasziale Therapie (FMFT)<\/div>\n\t\t\t<\/div>\n\t\t\t\n\t\t\t<div class=\"story five\">\n\t\t\t\t<div class=\"year\">2011<\/div>\n\t\t\t\t<div class=\"point\"><\/div>\n\t\t\t\t<div class=\"title\"><\/div>\n\t\t\t\t<div class=\"desc\">Problembereiche in der Handchirurgie, Neurodynamik, Training der Feinmotorik bei neurologischen St\u00f6rungen\n\t\t\t<\/div>\n\t\t\t<\/div>\n\n\t\t\t<div class=\"story six\">\n\t\t\t\t<div class=\"year\">2009<\/div>\n\t\t\t\t<div class=\"point\"><\/div>\n\t\t\t\t<div class=\"title\"><\/div>\n\t\t\t\t<div class=\"desc\">MediAkkupress 2, Nachbehandlungs- konzepte nach handchirurgischen Eingriffen \u2013 die interdisziplin\u00e4re, Therapie des chronisch regionalen Schmerzsyndroms, \"Schulf\u00e4higkeit, Schulbereitschaft\" \u2013 Welche Hilfen gibt das Frostig-Konzept?\n\t\t\t<\/div>\n\t\t\t<\/div>\n\t\t<\/div>\t\n\t\t<div class=\"history-outside\">\n\t\t\t<div class=\"past\"><\/div>\n\t\t\t<div class=\"future\"><\/div>\t\t\n\t\t<\/div>\n\t\t\n\t\t<div class=\"history-inside\">\n\t\t\t<div class=\"wrapper\">\n\t\t\t\t<div class=\"future-inline\"><\/div>\n\t\t\t\t<div class=\"past-inline\"><\/div>\n\t\t\t<\/div>\n\t\t<\/div>\n\t<\/div>\n<\/div><\/div><\/section><section   class=\" section clearfix\" ><div data-appear-top-offset=\"\" data-animated=\"\"><a href=\"\/index.php\/zeitstrahl\/ \" class=\"zeitlink\" style=\"color: #7a2554\">mehr lesen<\/a><\/div><\/section><section   class=\"home-box-leistungen section clearfix\" >\t\t\t<div class=\"title-section\">\n\t\t\t\t<div class=\"container triggerAnimation animated\" data-animate=\"bounceIn\">\n\t\t\t\t\t<h1>UNSERE LEISTUNGEN F\u00dcR SIE IM \u00dcBERBLICK<\/h1>\n\t\t\t\t\t<div class=\"dotted-line\"><span><\/span><\/div>\n\t\t\t\t\t<p><\/p>\n\t\t\t\t<\/div>\n\t\t\t<\/div>\n\t\t\r\n\t\t\t<div class=\"\">\r\n\t\t\t<div class=\"container \" ><div class=\"row\">\r\n\t\t<div id=\"shine-block-205-23\" class=\"shine-block block-services2_block col-md-12 first clearfix\"><div class=\"services-box2\">\t\t<div class=\"col-sm-4 first\">\r\n\t\t\r\n\t\t\t<div class=\"services-post triggerAnimation animated\" data-animate=\"fadeInUp\">\r\n\t\t\t\t<a href=\"#\"><i class=\"fa fa-icon7\"><\/i><\/a>\r\n\t\t\t\t\t\t\t\t<h2>Ergotherapie<\/h2>\r\n\t\t\t\t<p>Die Ergotherapie befasst sich mit Menschen, die in ihrer Handlungsf\u00e4higkeit eingeschr\u00e4nkt oder davon bedroht sind. \r\n<br \/><br \/>\r\n<a href=\"\/index.php\/ergotherapie\/\" class=\"boxlink\">weiter lesen<\/a><\/p>\r\n\t\t\t<\/div>\r\n\t\t\t\r\n\t\t<\/div>\r\n\t\t\r\n\t\t<div class=\"col-sm-4 \">\r\n\t\t\r\n\t\t\t<div class=\"services-post triggerAnimation animated\" data-animate=\"fadeInUp\">\r\n\t\t\t\t<a href=\"\/ergolife\/index.php\/neurologie\/\"><i class=\"fa fa-icon8\"><\/i><\/a>\r\n\t\t\t\t\t\t\t\t<h2>Neurologie<\/h2>\r\n\t\t\t\t<p>Ergotherapeutische Behandlung bieten wir auch bei Erkrankungen des Zentralen Nervensystems an, z. B. nach einem Schlaganfall, bei Tumoren, bei Multipler Sklerose sowie bei entz\u00fcndlichen und degenerativen Erkrankungen des Gehirns. \r\n<br \/><br \/>\r\n<a href=\"\/index.php\/neurologie\/\" class=\"boxlink\">weiter lesen<\/a><\/p>\r\n\t\t\t<\/div>\r\n\t\t\t\r\n\t\t<\/div>\r\n\t\t\r\n\t\t<div class=\"col-sm-4 \">\r\n\t\t\r\n\t\t\t<div class=\"services-post triggerAnimation animated\" data-animate=\"fadeInUp\">\r\n\t\t\t\t<a href=\"\/ergolife\/index.php\/geriatrie\/\"><i class=\"fa fa-icon6\"><\/i><\/a>\r\n\t\t\t\t\t\t\t\t<h2>Geriatrie<\/h2>\r\n\t\t\t\t<p>Wir behandeln \u00e4ltere Menschen mit akuten oder chronischen Erkrankungen, die den medizinischen Fachgebieten Neurologie, Innere Medizin, Orthop\u00e4die\/Chirurgie und Psychiatrie zuzuordnen sind. \r\n<br \/><br \/>\r\n<a href=\"\/index.php\/geriatrie\/\" class=\"boxlink\">weiter lesen<\/a><\/p>\r\n\t\t\t<\/div>\r\n\t\t\t\r\n\t\t<\/div>\r\n\t\t\r\n\t\t<div class=\"col-sm-4 first\">\r\n\t\t\r\n\t\t\t<div class=\"services-post triggerAnimation animated\" data-animate=\"fadeInUp\">\r\n\t\t\t\t<a href=\"\/ergolife\/index.php\/orthopaedie\/\"><i class=\"fa fa-icon5\"><\/i><\/a>\r\n\t\t\t\t\t\t\t\t<h2>Orthop\u00e4die<\/h2>\r\n\t\t\t\t<p>Bei der ergotherapeutischen Behandlung von orthop\u00e4disch indizierten Problemen und St\u00f6rungsbildern verf\u00fcgen wir \u00fcber langj\u00e4hrige Erfahrungen. \r\n<br \/><br \/>\r\n<a href=\"\/index.php\/orthopaedie\/\" class=\"boxlink\">weiter lesen<\/a><\/p>\r\n\t\t\t<\/div>\r\n\t\t\t\r\n\t\t<\/div>\r\n\t\t\r\n\t\t<div class=\"col-sm-4 \">\r\n\t\t\r\n\t\t\t<div class=\"services-post triggerAnimation animated\" data-animate=\"fadeInUp\">\r\n\t\t\t\t<a href=\"\/ergolife\/index.php\/trauma-rheumatologie\/\"><i class=\"fa fa-icon9\"><\/i><\/a>\r\n\t\t\t\t\t\t\t\t<h2>Trauma- & Rheumatologie<\/h2>\r\n\t\t\t\t<p>Bei der ergotherapeutischen Behandlung auf dem Feld der Trauma- und Rheumatologie decken wir den gesamten rheumatischen Formenkreis ab. \r\n<br \/><br \/>\r\n<a href=\"\/index.php\/trauma-rheumatologie\/\" class=\"boxlink\">weiter lesen<\/a><\/p>\r\n\t\t\t<\/div>\r\n\t\t\t\r\n\t\t<\/div>\r\n\t\t\r\n\t\t<div class=\"col-sm-4 \">\r\n\t\t\r\n\t\t\t<div class=\"services-post triggerAnimation animated\" data-animate=\"fadeInUp\">\r\n\t\t\t\t<a href=\"\/ergolife\/index.php\/kinderheilkunde\/\"><i class=\"fa fa-icon4\"><\/i><\/a>\r\n\t\t\t\t\t\t\t\t<h2>Kinderheilkunde<\/h2>\r\n\t\t\t\t<p>Wir behandeln Kinder mit k\u00f6rperlichen, geistigen und seelischen Entwicklungsr\u00fcckst\u00e4nden bzw. Entwicklungsverz\u00f6gerungen, mit Verhaltensst\u00f6rungen oder St\u00f6rungen der sensorischen Integration.\r\n<br \/><br \/>\r\n<a href=\"\/index.php\/kinderheilkunde\/\" class=\"boxlink\">weiter lesen<\/a><\/p>\r\n\t\t\t<\/div>\r\n\t\t\t\r\n\t\t<\/div>\r\n\t\t\r\n\t\t<div class=\"col-sm-4 first\">\r\n\t\t\r\n\t\t\t<div class=\"services-post triggerAnimation animated\" data-animate=\"fadeInUp\">\r\n\t\t\t\t<a href=\"\/ergolife\/index.php\/psychiatrie\/\"><i class=\"fa fa-icon1\"><\/i><\/a>\r\n\t\t\t\t\t\t\t\t<h2>Psychiatrie<\/h2>\r\n\t\t\t\t<p>Unsere Behandlung bieten wir auch Kindern und Jugendlichen mit geistigen und psychischen St\u00f6rungen an. \r\n<br \/><br \/>\r\n<a href=\"\/index.php\/psychiatrie\/\" class=\"boxlink\">weiter lesen<\/a><\/p>\r\n\t\t\t<\/div>\r\n\t\t\t\r\n\t\t<\/div>\r\n\t\t\r\n\t\t<div class=\"col-sm-4 \">\r\n\t\t\r\n\t\t\t<div class=\"services-post triggerAnimation animated\" data-animate=\"fadeInUp\">\r\n\t\t\t\t<a href=\"\/ergolife\/index.php\/konzentrationstraining\/\"><i class=\"fa fa-icon2\"><\/i><\/a>\r\n\t\t\t\t\t\t\t\t<h2>Konzentrationstraining<\/h2>\r\n\t\t\t\t<p>Kinder, die in der Schule leicht ablenkbar sind und Schwierigkeiten haben, die Hausaufgaben zu bew\u00e4ltigen, k\u00f6nnen vom Marburger Konzentrationstraining (MKT) profitieren. \r\n<br \/><br \/>\r\n<a href=\"\/index.php\/konzentrationstraining\/\" class=\"boxlink\">weiter lesen<\/a><\/p>\r\n\t\t\t<\/div>\r\n\t\t\t\r\n\t\t<\/div>\r\n\t\t\r\n\t\t<div class=\"col-sm-4 \">\r\n\t\t\r\n\t\t\t<div class=\"services-post triggerAnimation animated\" data-animate=\"fadeInUp\">\r\n\t\t\t\t<a href=\"\/ergolife\/index.php\/psychomotorikgruppe\/\"><i class=\"fa fa-icon3\"><\/i><\/a>\r\n\t\t\t\t\t\t\t\t<h2>Psychomotorikgruppe<\/h2>\r\n\t\t\t\t<p>Unser Angebot im Bereich der Psychomotorik verfolgt das Ziel, die Entwicklung von Kindern mithilfe der Bewegung ganzheitlich zu f\u00f6rdern.\r\n<br \/><br \/>\r\n<a href=\"\/index.php\/psychomotorikgruppe\/\" class=\"boxlink\">weiter lesen<\/a><\/p>\r\n\t\t\t<\/div>\r\n\t\t\t\r\n\t\t<\/div>\r\n\t\t\r\n<\/div><\/div>\r\n\t\t\t<\/div>\r\n\t\t\t<\/div>\r\n\t\t\t<\/div>\r\n\t\t<\/section><section style=\"background-image:url(https:\/\/ergotherapie-baser.de\/wp-content\/uploads\/2016\/01\/Img_1061X.jpg); \" id=\"page-praxis\" class=\"home-box-images section clearfix\" ><\/section><section   class=\"home-box-unsere-praxis section clearfix\" >\t\t\t<div class=\"title-section\">\n\t\t\t\t<div class=\"container triggerAnimation animated\" data-animate=\"bounceIn\">\n\t\t\t\t\t<h1>Unsere Praxis \u2013 ein Ort der Gesundheit<\/h1>\n\t\t\t\t\t<div class=\"dotted-line\"><span><\/span><\/div>\n\t\t\t\t\t<p><\/p>\n\t\t\t\t<\/div>\n\t\t\t<\/div>\n\t\t\r\n\t\t\t<div class=\"text\">\r\n\t\t\t<div class=\"container \" ><div class=\"row\">\r\n\t\t<div data-appear-top-offset=\"\" data-animated=\"\"><br \/><br \/>\nWir m\u00f6chten, dass sich unsere Patienten \u2013 egal ob jung oder alt \u2013 bei uns wohlf\u00fchlen. Wenn Sie zu uns kommen, k\u00f6nnen Sie sich darauf verlassen, dass wir Ihre Probleme und Beschwerden, aber auch Ihre Pers\u00f6nlichkeit und Ihre Biografie ernst nehmen. Wir sehen kein isoliertes medizinisches Problem \u2013 wir sehen immer den ganzen Menschen. Deshalb ist unsere Behandlung immer ganzheitlich ausgerichtet und umfasst alle Aspekte, die zu Ihrer Gesundheit und Ihrem Wohlergehen beitragen. Dazu geh\u00f6rt auch, dass wir uns mit Angeh\u00f6rigen, \u00c4rzten, Erziehern und Lehrern austauschen und wenn n\u00f6tig auch in st\u00e4ndigem Kontakt bleiben. Unsere Praxis soll f\u00fcr Sie ein Ort der Gesundheit sein \u2013 mit allem, was dazugeh\u00f6rt.<\/div>\r\n\t\t\t<\/div>\r\n\t\t\t<\/div>\r\n\t\t\t<\/div>\r\n\t\t<\/section><section style=\"background-image:url(https:\/\/ergotherapie-baser.de\/wp-content\/uploads\/2015\/08\/bg2.jpg); \" id=\"page-kontakt\" class=\"home-box-images section clearfix\" ><\/section><section   class=\"home-box-kontakt section clearfix\" >\t\t\t<div class=\"title-section\">\n\t\t\t\t<div class=\"container triggerAnimation animated\" data-animate=\"bounceIn\">\n\t\t\t\t\t<h1>KONTAKT & \u00d6FFNUNGSZEITEN<\/h1>\n\t\t\t\t\t<div class=\"dotted-line\"><span><\/span><\/div>\n\t\t\t\t\t<p><\/p>\n\t\t\t\t<\/div>\n\t\t\t<\/div>\n\t\t\r\n\t\t\t<div class=\"text\">\r\n\t\t\t<div class=\"container \" ><div class=\"row\">\r\n\t\t<div data-appear-top-offset=\"\" data-animated=\"\"><br \/><br \/>\nErgolife Therapie GmbH | Praxis f\u00fcr Ergotherapie | Gesch\u00e4ftsf\u00fchrerin: Maria Baser<br \/>\nTelefon: +49 (0)9352 - 6048277 | Telefax : +49 (0)9352 - 6056134 | Email: info@ergotherapie-baser.de<br \/><br \/>\n<b>\u00d6ffnungszeiten:<\/b> Mo. bis Fr. 08.30 - 17.00 Uhr<br \/><br \/>\n<b>Unsere Anschrift:<\/b> Vorstadtstra\u00dfe 16 | 97816 Lohr<\/div>\r\n\t\t\t<\/div>\r\n\t\t\t<\/div>\r\n\t\t\t<\/div>\r\n\t\t<\/section><\/div>\n","protected":false},"excerpt":{"rendered":"","protected":false},"author":1,"featured_media":0,"parent":0,"menu_order":0,"comment_status":"open","ping_status":"open","template":"template-onepage.php","meta":[],"_links":{"self":[{"href":"https:\/\/ergotherapie-baser.de\/index.php\/wp-json\/wp\/v2\/pages\/120"}],"collection":[{"href":"https:\/\/ergotherapie-baser.de\/index.php\/wp-json\/wp\/v2\/pages"}],"about":[{"href":"https:\/\/ergotherapie-baser.de\/index.php\/wp-json\/wp\/v2\/types\/page"}],"author":[{"embeddable":true,"href":"https:\/\/ergotherapie-baser.de\/index.php\/wp-json\/wp\/v2\/users\/1"}],"replies":[{"embeddable":true,"href":"https:\/\/ergotherapie-baser.de\/index.php\/wp-json\/wp\/v2\/comments?post=120"}],"version-history":[{"count":2,"href":"https:\/\/ergotherapie-baser.de\/index.php\/wp-json\/wp\/v2\/pages\/120\/revisions"}],"predecessor-version":[{"id":219,"href":"https:\/\/ergotherapie-baser.de\/index.php\/wp-json\/wp\/v2\/pages\/120\/revisions\/219"}],"wp:attachment":[{"href":"https:\/\/ergotherapie-baser.de\/index.php\/wp-json\/wp\/v2\/media?parent=120"}],"curies":[{"name":"wp","href":"https:\/\/api.w.org\/{rel}","templated":true}]}}